{"id":612,"date":"2022-11-08T19:22:36","date_gmt":"2022-11-08T19:22:36","guid":{"rendered":"https:\/\/livas.com.co\/?page_id=612"},"modified":"2023-01-24T17:44:50","modified_gmt":"2023-01-24T17:44:50","slug":"apnea-2","status":"publish","type":"page","link":"https:\/\/livas.com.co\/?page_id=612","title":{"rendered":"Apnea"},"content":{"rendered":"\t\t<div data-elementor-type=\"wp-page\" data-elementor-id=\"612\" class=\"elementor elementor-612\">\n\t\t\t\t\t\t\t\t\t<section class=\"elementor-section elementor-top-section elementor-element elementor-element-4b82039a elementor-section-full_width elementor-section-height-default elementor-section-height-default tf-sticky-section tf-sticky-no\" data-id=\"4b82039a\" data-element_type=\"section\" data-settings=\"{&quot;tf_sticky&quot;:&quot;no&quot;,&quot;ekit_has_onepagescroll_dot&quot;:&quot;yes&quot;}\">\n\t\t\t\t\t\t<div class=\"elementor-container elementor-column-gap-default\">\n\t\t\t\t\t<div class=\"elementor-column elementor-col-50 elementor-top-column elementor-element elementor-element-3f014797\" data-id=\"3f014797\" data-element_type=\"column\" data-settings=\"{&quot;background_background&quot;:&quot;classic&quot;}\">\n\t\t\t<div class=\"elementor-widget-wrap elementor-element-populated\">\n\t\t\t\t\t\t\t\t<div class=\"elementor-element elementor-element-243708be elementor-widget elementor-widget-image\" data-id=\"243708be\" data-element_type=\"widget\" data-settings=\"{&quot;ekit_we_effect_on&quot;:&quot;none&quot;}\" data-widget_type=\"image.default\">\n\t\t\t\t<div class=\"elementor-widget-container\">\n\t\t\t<style>\/*! elementor - v3.10.1 - 17-01-2023 *\/\n.elementor-widget-image{text-align:center}.elementor-widget-image a{display:inline-block}.elementor-widget-image a img[src$=\".svg\"]{width:48px}.elementor-widget-image img{vertical-align:middle;display:inline-block}<\/style>\t\t\t\t\t\t\t\t\t\t\t\t<img width=\"57\" height=\"9\" src=\"https:\/\/livas.com.co\/wp-content\/uploads\/2022\/10\/icon-heading.png\" class=\"attachment-full size-full wp-image-283\" alt=\"\" loading=\"lazy\" \/>\t\t\t\t\t\t\t\t\t\t\t\t\t\t\t<\/div>\n\t\t\t\t<\/div>\n\t\t\t\t<div class=\"elementor-element elementor-element-2a11e914 elementor-widget elementor-widget-heading\" data-id=\"2a11e914\" data-element_type=\"widget\" data-settings=\"{&quot;ekit_we_effect_on&quot;:&quot;none&quot;}\" data-widget_type=\"heading.default\">\n\t\t\t\t<div class=\"elementor-widget-container\">\n\t\t\t<style>\/*! elementor - v3.10.1 - 17-01-2023 *\/\n.elementor-heading-title{padding:0;margin:0;line-height:1}.elementor-widget-heading .elementor-heading-title[class*=elementor-size-]>a{color:inherit;font-size:inherit;line-height:inherit}.elementor-widget-heading .elementor-heading-title.elementor-size-small{font-size:15px}.elementor-widget-heading .elementor-heading-title.elementor-size-medium{font-size:19px}.elementor-widget-heading .elementor-heading-title.elementor-size-large{font-size:29px}.elementor-widget-heading .elementor-heading-title.elementor-size-xl{font-size:39px}.elementor-widget-heading .elementor-heading-title.elementor-size-xxl{font-size:59px}<\/style><h2 class=\"elementor-heading-title elementor-size-default\">Apnea<\/h2>\t\t<\/div>\n\t\t\t\t<\/div>\n\t\t\t\t<div class=\"elementor-element elementor-element-2875c229 elementor-widget elementor-widget-text-editor\" data-id=\"2875c229\" data-element_type=\"widget\" data-settings=\"{&quot;ekit_we_effect_on&quot;:&quot;none&quot;}\" data-widget_type=\"text-editor.default\">\n\t\t\t\t<div class=\"elementor-widget-container\">\n\t\t\t<style>\/*! elementor - v3.10.1 - 17-01-2023 *\/\n.elementor-widget-text-editor.elementor-drop-cap-view-stacked .elementor-drop-cap{background-color:#818a91;color:#fff}.elementor-widget-text-editor.elementor-drop-cap-view-framed .elementor-drop-cap{color:#818a91;border:3px solid;background-color:transparent}.elementor-widget-text-editor:not(.elementor-drop-cap-view-default) .elementor-drop-cap{margin-top:8px}.elementor-widget-text-editor:not(.elementor-drop-cap-view-default) .elementor-drop-cap-letter{width:1em;height:1em}.elementor-widget-text-editor .elementor-drop-cap{float:left;text-align:center;line-height:1;font-size:50px}.elementor-widget-text-editor .elementor-drop-cap-letter{display:inline-block}<\/style>\t\t\t\t<p>El T\u00e9rmino Apnea dentro de las Actividades Subacu\u00e1ticas, se refiere a la retenci\u00f3n voluntaria de la respiraci\u00f3n y su objetivo es principalmente deportivo, ya que en esta modalidad, el deportista o apneista, en este caso, persigue como objetivo lograr la mayor cantidad de tiempo, alcanzar la mayor distancia o la mayor profundidad, sumergido bajo el agua \u00fanicamente con el aire contenido en sus pulmones. Es por ello que tambi\u00e9n se le conoce como Buceo Libre o Buceo a Pulm\u00f3n, ya que no se utilizan equipos de Buceo Aut\u00f3nomo para respirar bajo el agua<\/p>\t\t\t\t\t\t<\/div>\n\t\t\t\t<\/div>\n\t\t\t\t<div class=\"elementor-element elementor-element-31236a2 elementor-widget elementor-widget-image\" data-id=\"31236a2\" data-element_type=\"widget\" data-settings=\"{&quot;ekit_we_effect_on&quot;:&quot;none&quot;}\" data-widget_type=\"image.default\">\n\t\t\t\t<div class=\"elementor-widget-container\">\n\t\t\t\t\t\t\t\t\t\t\t\t\t\t\t<img width=\"4501\" height=\"4500\" src=\"https:\/\/livas.com.co\/wp-content\/uploads\/2023\/01\/LOGO-LIVAS_REDES-SOCIALES.png\" class=\"attachment-full size-full wp-image-1874\" alt=\"\" loading=\"lazy\" srcset=\"https:\/\/livas.com.co\/wp-content\/uploads\/2023\/01\/LOGO-LIVAS_REDES-SOCIALES.png 4501w, https:\/\/livas.com.co\/wp-content\/uploads\/2023\/01\/LOGO-LIVAS_REDES-SOCIALES-300x300.png 300w, https:\/\/livas.com.co\/wp-content\/uploads\/2023\/01\/LOGO-LIVAS_REDES-SOCIALES-1024x1024.png 1024w, https:\/\/livas.com.co\/wp-content\/uploads\/2023\/01\/LOGO-LIVAS_REDES-SOCIALES-150x150.png 150w, https:\/\/livas.com.co\/wp-content\/uploads\/2023\/01\/LOGO-LIVAS_REDES-SOCIALES-768x768.png 768w, https:\/\/livas.com.co\/wp-content\/uploads\/2023\/01\/LOGO-LIVAS_REDES-SOCIALES-1536x1536.png 1536w, https:\/\/livas.com.co\/wp-content\/uploads\/2023\/01\/LOGO-LIVAS_REDES-SOCIALES-2048x2048.png 2048w\" sizes=\"(max-width: 4501px) 100vw, 4501px\" \/>\t\t\t\t\t\t\t\t\t\t\t\t\t\t\t<\/div>\n\t\t\t\t<\/div>\n\t\t\t\t\t<\/div>\n\t\t<\/div>\n\t\t\t\t<div class=\"elementor-column elementor-col-50 elementor-top-column elementor-element elementor-element-594fe53b\" data-id=\"594fe53b\" data-element_type=\"column\" data-settings=\"{&quot;background_background&quot;:&quot;classic&quot;}\">\n\t\t\t<div class=\"elementor-widget-wrap elementor-element-populated\">\n\t\t\t\t\t\t\t\t<div class=\"elementor-element elementor-element-74b44992 elementor-widget elementor-widget-spacer\" data-id=\"74b44992\" data-element_type=\"widget\" data-settings=\"{&quot;ekit_we_effect_on&quot;:&quot;none&quot;}\" data-widget_type=\"spacer.default\">\n\t\t\t\t<div class=\"elementor-widget-container\">\n\t\t\t<style>\/*! elementor - v3.10.1 - 17-01-2023 *\/\n.elementor-column .elementor-spacer-inner{height:var(--spacer-size)}.e-con{--container-widget-width:100%}.e-con-inner>.elementor-widget-spacer,.e-con>.elementor-widget-spacer{width:var(--container-widget-width,var(--spacer-size));--align-self:var(--container-widget-align-self,initial);--flex-shrink:0}.e-con-inner>.elementor-widget-spacer>.elementor-widget-container,.e-con-inner>.elementor-widget-spacer>.elementor-widget-container>.elementor-spacer,.e-con>.elementor-widget-spacer>.elementor-widget-container,.e-con>.elementor-widget-spacer>.elementor-widget-container>.elementor-spacer{height:100%}.e-con-inner>.elementor-widget-spacer>.elementor-widget-container>.elementor-spacer>.elementor-spacer-inner,.e-con>.elementor-widget-spacer>.elementor-widget-container>.elementor-spacer>.elementor-spacer-inner{height:var(--container-widget-height,var(--spacer-size))}<\/style>\t\t<div class=\"elementor-spacer\">\n\t\t\t<div class=\"elementor-spacer-inner\"><\/div>\n\t\t<\/div>\n\t\t\t\t<\/div>\n\t\t\t\t<\/div>\n\t\t\t\t\t<\/div>\n\t\t<\/div>\n\t\t\t\t\t\t\t<\/div>\n\t\t<\/section>\n\t\t\t\t\t\t\t<\/div>\n\t\t","protected":false},"excerpt":{"rendered":"<p>Apnea El T\u00e9rmino Apnea dentro de las Actividades Subacu\u00e1ticas, se refiere a la retenci\u00f3n voluntaria de la respiraci\u00f3n y su objetivo es principalmente deportivo, ya que en esta modalidad, el deportista o apneista, en este caso, persigue como objetivo lograr la mayor cantidad de tiempo, alcanzar la mayor distancia o la mayor profundidad, sumergido bajo &hellip;<\/p>\n<p class=\"read-more\"> <a class=\"\" href=\"https:\/\/livas.com.co\/?page_id=612\"> <span class=\"screen-reader-text\">Apnea<\/span> Leer m\u00e1s &raquo;<\/a><\/p>\n","protected":false},"author":1,"featured_media":0,"parent":0,"menu_order":0,"comment_status":"closed","ping_status":"closed","template":"","meta":{"om_disable_all_campaigns":false,"_mi_skip_tracking":false,"site-sidebar-layout":"no-sidebar","site-content-layout":"page-builder","ast-global-header-display":"","ast-main-header-display":"","ast-hfb-above-header-display":"","ast-hfb-below-header-display":"","ast-hfb-mobile-header-display":"","site-post-title":"disabled","ast-breadcrumbs-content":"","ast-featured-img":"disabled","footer-sml-layout":"","theme-transparent-header-meta":"","adv-header-id-meta":"","stick-header-meta":"","header-above-stick-meta":"","header-main-stick-meta":"","header-below-stick-meta":""},"aioseo_notices":[],"_links":{"self":[{"href":"https:\/\/livas.com.co\/index.php?rest_route=\/wp\/v2\/pages\/612"}],"collection":[{"href":"https:\/\/livas.com.co\/index.php?rest_route=\/wp\/v2\/pages"}],"about":[{"href":"https:\/\/livas.com.co\/index.php?rest_route=\/wp\/v2\/types\/page"}],"author":[{"embeddable":true,"href":"https:\/\/livas.com.co\/index.php?rest_route=\/wp\/v2\/users\/1"}],"replies":[{"embeddable":true,"href":"https:\/\/livas.com.co\/index.php?rest_route=%2Fwp%2Fv2%2Fcomments&post=612"}],"version-history":[{"count":49,"href":"https:\/\/livas.com.co\/index.php?rest_route=\/wp\/v2\/pages\/612\/revisions"}],"predecessor-version":[{"id":1922,"href":"https:\/\/livas.com.co\/index.php?rest_route=\/wp\/v2\/pages\/612\/revisions\/1922"}],"wp:attachment":[{"href":"https:\/\/livas.com.co\/index.php?rest_route=%2Fwp%2Fv2%2Fmedia&parent=612"}],"curies":[{"name":"wp","href":"https:\/\/api.w.org\/{rel}","templated":true}]}}