{"id":640,"date":"2022-11-08T19:36:56","date_gmt":"2022-11-08T19:36:56","guid":{"rendered":"https:\/\/livas.com.co\/?page_id=640"},"modified":"2023-01-24T17:51:46","modified_gmt":"2023-01-24T17:51:46","slug":"buceo","status":"publish","type":"page","link":"https:\/\/livas.com.co\/?page_id=640","title":{"rendered":"Buceo"},"content":{"rendered":"\t\t<div data-elementor-type=\"wp-page\" data-elementor-id=\"640\" class=\"elementor elementor-640\">\n\t\t\t\t\t\t\t\t\t<section class=\"elementor-section elementor-top-section elementor-element elementor-element-0db0ad4 elementor-section-full_width elementor-section-height-default elementor-section-height-default tf-sticky-section tf-sticky-no\" data-id=\"0db0ad4\" data-element_type=\"section\" data-settings=\"{&quot;tf_sticky&quot;:&quot;no&quot;,&quot;ekit_has_onepagescroll_dot&quot;:&quot;yes&quot;}\">\n\t\t\t\t\t\t<div class=\"elementor-container elementor-column-gap-default\">\n\t\t\t\t\t<div class=\"elementor-column elementor-col-100 elementor-top-column elementor-element elementor-element-2887db6\" data-id=\"2887db6\" data-element_type=\"column\">\n\t\t\t<div class=\"elementor-widget-wrap elementor-element-populated\">\n\t\t\t\t\t\t\t\t<div class=\"elementor-element elementor-element-7f44cae elementor-arrows-position-inside elementor-pagination-position-outside elementor-widget elementor-widget-image-carousel\" data-id=\"7f44cae\" data-element_type=\"widget\" data-settings=\"{&quot;slides_to_show&quot;:&quot;4&quot;,&quot;slides_to_scroll&quot;:&quot;3&quot;,&quot;navigation&quot;:&quot;both&quot;,&quot;autoplay&quot;:&quot;yes&quot;,&quot;pause_on_hover&quot;:&quot;yes&quot;,&quot;pause_on_interaction&quot;:&quot;yes&quot;,&quot;autoplay_speed&quot;:5000,&quot;infinite&quot;:&quot;yes&quot;,&quot;speed&quot;:500,&quot;ekit_we_effect_on&quot;:&quot;none&quot;}\" data-widget_type=\"image-carousel.default\">\n\t\t\t\t<div class=\"elementor-widget-container\">\n\t\t\t<style>\/*! elementor - v3.10.1 - 17-01-2023 *\/\n.elementor-widget-image-carousel .swiper-container{position:static}.elementor-widget-image-carousel .swiper-container .swiper-slide figure{line-height:inherit}.elementor-widget-image-carousel .swiper-slide{text-align:center}.elementor-image-carousel-wrapper:not(.swiper-container-initialized) .swiper-slide{max-width:calc(100% \/ var(--e-image-carousel-slides-to-show, 3))}<\/style>\t\t<div class=\"elementor-image-carousel-wrapper swiper-container\" dir=\"ltr\">\n\t\t\t<div class=\"elementor-image-carousel swiper-wrapper\">\n\t\t\t\t\t\t\t\t<div class=\"swiper-slide\"><a data-elementor-open-lightbox=\"yes\" data-elementor-lightbox-slideshow=\"7f44cae\" data-elementor-lightbox-title=\"8\" e-action-hash=\"#elementor-action%3Aaction%3Dlightbox%26settings%3DeyJpZCI6MTkwMywidXJsIjoiaHR0cHM6XC9cL2xpdmFzLmNvbS5jb1wvd3AtY29udGVudFwvdXBsb2Fkc1wvMjAyM1wvMDFcLzgtNC5wbmciLCJzbGlkZXNob3ciOiI3ZjQ0Y2FlIn0%3D\" href=\"https:\/\/livas.com.co\/wp-content\/uploads\/2023\/01\/8-4.png\"><figure class=\"swiper-slide-inner\"><img class=\"swiper-slide-image\" src=\"https:\/\/livas.com.co\/wp-content\/uploads\/2023\/01\/8-4-300x225.png\" alt=\"8\" \/><\/figure><\/a><\/div><div class=\"swiper-slide\"><a data-elementor-open-lightbox=\"yes\" data-elementor-lightbox-slideshow=\"7f44cae\" e-action-hash=\"#elementor-action%3Aaction%3Dlightbox%26settings%3DeyJpZCI6MTg5OSwidXJsIjoiaHR0cHM6XC9cL2xpdmFzLmNvbS5jb1wvd3AtY29udGVudFwvdXBsb2Fkc1wvMjAyM1wvMDFcLzQtMTMucG5nIiwic2xpZGVzaG93IjoiN2Y0NGNhZSJ9\" href=\"https:\/\/livas.com.co\/wp-content\/uploads\/2023\/01\/4-13.png\"><figure class=\"swiper-slide-inner\"><img class=\"swiper-slide-image\" src=\"https:\/\/livas.com.co\/wp-content\/uploads\/2023\/01\/4-13-300x225.png\" alt=\"\" \/><\/figure><\/a><\/div><div class=\"swiper-slide\"><a data-elementor-open-lightbox=\"yes\" data-elementor-lightbox-slideshow=\"7f44cae\" data-elementor-lightbox-title=\"16\" e-action-hash=\"#elementor-action%3Aaction%3Dlightbox%26settings%3DeyJpZCI6MTkxMSwidXJsIjoiaHR0cHM6XC9cL2xpdmFzLmNvbS5jb1wvd3AtY29udGVudFwvdXBsb2Fkc1wvMjAyM1wvMDFcLzE2LTEucG5nIiwic2xpZGVzaG93IjoiN2Y0NGNhZSJ9\" href=\"https:\/\/livas.com.co\/wp-content\/uploads\/2023\/01\/16-1.png\"><figure class=\"swiper-slide-inner\"><img class=\"swiper-slide-image\" src=\"https:\/\/livas.com.co\/wp-content\/uploads\/2023\/01\/16-1-300x225.png\" alt=\"16\" \/><\/figure><\/a><\/div><div class=\"swiper-slide\"><a data-elementor-open-lightbox=\"yes\" data-elementor-lightbox-slideshow=\"7f44cae\" e-action-hash=\"#elementor-action%3Aaction%3Dlightbox%26settings%3DeyJpZCI6MTg5OCwidXJsIjoiaHR0cHM6XC9cL2xpdmFzLmNvbS5jb1wvd3AtY29udGVudFwvdXBsb2Fkc1wvMjAyM1wvMDFcLzMtMTMucG5nIiwic2xpZGVzaG93IjoiN2Y0NGNhZSJ9\" href=\"https:\/\/livas.com.co\/wp-content\/uploads\/2023\/01\/3-13.png\"><figure class=\"swiper-slide-inner\"><img class=\"swiper-slide-image\" src=\"https:\/\/livas.com.co\/wp-content\/uploads\/2023\/01\/3-13-300x225.png\" alt=\"\" \/><\/figure><\/a><\/div><div class=\"swiper-slide\"><a data-elementor-open-lightbox=\"yes\" data-elementor-lightbox-slideshow=\"7f44cae\" data-elementor-lightbox-title=\"17\" e-action-hash=\"#elementor-action%3Aaction%3Dlightbox%26settings%3DeyJpZCI6MTkxMiwidXJsIjoiaHR0cHM6XC9cL2xpdmFzLmNvbS5jb1wvd3AtY29udGVudFwvdXBsb2Fkc1wvMjAyM1wvMDFcLzE3LnBuZyIsInNsaWRlc2hvdyI6IjdmNDRjYWUifQ%3D%3D\" href=\"https:\/\/livas.com.co\/wp-content\/uploads\/2023\/01\/17.png\"><figure class=\"swiper-slide-inner\"><img class=\"swiper-slide-image\" src=\"https:\/\/livas.com.co\/wp-content\/uploads\/2023\/01\/17-300x225.png\" alt=\"17\" \/><\/figure><\/a><\/div><div class=\"swiper-slide\"><a data-elementor-open-lightbox=\"yes\" data-elementor-lightbox-slideshow=\"7f44cae\" data-elementor-lightbox-title=\"7\" e-action-hash=\"#elementor-action%3Aaction%3Dlightbox%26settings%3DeyJpZCI6MTkwMiwidXJsIjoiaHR0cHM6XC9cL2xpdmFzLmNvbS5jb1wvd3AtY29udGVudFwvdXBsb2Fkc1wvMjAyM1wvMDFcLzctNi5wbmciLCJzbGlkZXNob3ciOiI3ZjQ0Y2FlIn0%3D\" href=\"https:\/\/livas.com.co\/wp-content\/uploads\/2023\/01\/7-6.png\"><figure class=\"swiper-slide-inner\"><img class=\"swiper-slide-image\" src=\"https:\/\/livas.com.co\/wp-content\/uploads\/2023\/01\/7-6-300x225.png\" alt=\"7\" \/><\/figure><\/a><\/div><div class=\"swiper-slide\"><a data-elementor-open-lightbox=\"yes\" data-elementor-lightbox-slideshow=\"7f44cae\" data-elementor-lightbox-title=\"9\" e-action-hash=\"#elementor-action%3Aaction%3Dlightbox%26settings%3DeyJpZCI6MTkwNCwidXJsIjoiaHR0cHM6XC9cL2xpdmFzLmNvbS5jb1wvd3AtY29udGVudFwvdXBsb2Fkc1wvMjAyM1wvMDFcLzktMy5wbmciLCJzbGlkZXNob3ciOiI3ZjQ0Y2FlIn0%3D\" href=\"https:\/\/livas.com.co\/wp-content\/uploads\/2023\/01\/9-3.png\"><figure class=\"swiper-slide-inner\"><img class=\"swiper-slide-image\" src=\"https:\/\/livas.com.co\/wp-content\/uploads\/2023\/01\/9-3-300x225.png\" alt=\"9\" \/><\/figure><\/a><\/div><div class=\"swiper-slide\"><a data-elementor-open-lightbox=\"yes\" data-elementor-lightbox-slideshow=\"7f44cae\" e-action-hash=\"#elementor-action%3Aaction%3Dlightbox%26settings%3DeyJpZCI6MTkwMSwidXJsIjoiaHR0cHM6XC9cL2xpdmFzLmNvbS5jb1wvd3AtY29udGVudFwvdXBsb2Fkc1wvMjAyM1wvMDFcLzYtNy5wbmciLCJzbGlkZXNob3ciOiI3ZjQ0Y2FlIn0%3D\" href=\"https:\/\/livas.com.co\/wp-content\/uploads\/2023\/01\/6-7.png\"><figure class=\"swiper-slide-inner\"><img class=\"swiper-slide-image\" src=\"https:\/\/livas.com.co\/wp-content\/uploads\/2023\/01\/6-7-300x225.png\" alt=\"\" \/><\/figure><\/a><\/div><div class=\"swiper-slide\"><a data-elementor-open-lightbox=\"yes\" data-elementor-lightbox-slideshow=\"7f44cae\" data-elementor-lightbox-title=\"10\" e-action-hash=\"#elementor-action%3Aaction%3Dlightbox%26settings%3DeyJpZCI6MTkwNSwidXJsIjoiaHR0cHM6XC9cL2xpdmFzLmNvbS5jb1wvd3AtY29udGVudFwvdXBsb2Fkc1wvMjAyM1wvMDFcLzEwLTMucG5nIiwic2xpZGVzaG93IjoiN2Y0NGNhZSJ9\" href=\"https:\/\/livas.com.co\/wp-content\/uploads\/2023\/01\/10-3.png\"><figure class=\"swiper-slide-inner\"><img class=\"swiper-slide-image\" src=\"https:\/\/livas.com.co\/wp-content\/uploads\/2023\/01\/10-3-300x225.png\" alt=\"10\" \/><\/figure><\/a><\/div><div class=\"swiper-slide\"><a data-elementor-open-lightbox=\"yes\" data-elementor-lightbox-slideshow=\"7f44cae\" data-elementor-lightbox-title=\"11\" e-action-hash=\"#elementor-action%3Aaction%3Dlightbox%26settings%3DeyJpZCI6MTkwNiwidXJsIjoiaHR0cHM6XC9cL2xpdmFzLmNvbS5jb1wvd3AtY29udGVudFwvdXBsb2Fkc1wvMjAyM1wvMDFcLzExLTMucG5nIiwic2xpZGVzaG93IjoiN2Y0NGNhZSJ9\" href=\"https:\/\/livas.com.co\/wp-content\/uploads\/2023\/01\/11-3.png\"><figure class=\"swiper-slide-inner\"><img class=\"swiper-slide-image\" src=\"https:\/\/livas.com.co\/wp-content\/uploads\/2023\/01\/11-3-300x225.png\" alt=\"11\" \/><\/figure><\/a><\/div><div class=\"swiper-slide\"><a data-elementor-open-lightbox=\"yes\" data-elementor-lightbox-slideshow=\"7f44cae\" data-elementor-lightbox-title=\"12\" e-action-hash=\"#elementor-action%3Aaction%3Dlightbox%26settings%3DeyJpZCI6MTkwNywidXJsIjoiaHR0cHM6XC9cL2xpdmFzLmNvbS5jb1wvd3AtY29udGVudFwvdXBsb2Fkc1wvMjAyM1wvMDFcLzEyLTMucG5nIiwic2xpZGVzaG93IjoiN2Y0NGNhZSJ9\" href=\"https:\/\/livas.com.co\/wp-content\/uploads\/2023\/01\/12-3.png\"><figure class=\"swiper-slide-inner\"><img class=\"swiper-slide-image\" src=\"https:\/\/livas.com.co\/wp-content\/uploads\/2023\/01\/12-3-300x225.png\" alt=\"12\" \/><\/figure><\/a><\/div><div class=\"swiper-slide\"><a data-elementor-open-lightbox=\"yes\" data-elementor-lightbox-slideshow=\"7f44cae\" data-elementor-lightbox-title=\"13\" e-action-hash=\"#elementor-action%3Aaction%3Dlightbox%26settings%3DeyJpZCI6MTkwOCwidXJsIjoiaHR0cHM6XC9cL2xpdmFzLmNvbS5jb1wvd3AtY29udGVudFwvdXBsb2Fkc1wvMjAyM1wvMDFcLzEzLTEucG5nIiwic2xpZGVzaG93IjoiN2Y0NGNhZSJ9\" href=\"https:\/\/livas.com.co\/wp-content\/uploads\/2023\/01\/13-1.png\"><figure class=\"swiper-slide-inner\"><img class=\"swiper-slide-image\" src=\"https:\/\/livas.com.co\/wp-content\/uploads\/2023\/01\/13-1-300x225.png\" alt=\"13\" \/><\/figure><\/a><\/div>\t\t\t<\/div>\n\t\t\t\t\t\t\t\t\t\t\t\t<div class=\"swiper-pagination\"><\/div>\n\t\t\t\t\t\t\t\t\t\t\t\t\t<div class=\"elementor-swiper-button elementor-swiper-button-prev\">\n\t\t\t\t\t\t<i aria-hidden=\"true\" class=\"eicon-chevron-left\"><\/i>\t\t\t\t\t\t<span class=\"elementor-screen-only\">Anterior<\/span>\n\t\t\t\t\t<\/div>\n\t\t\t\t\t<div class=\"elementor-swiper-button elementor-swiper-button-next\">\n\t\t\t\t\t\t<i aria-hidden=\"true\" class=\"eicon-chevron-right\"><\/i>\t\t\t\t\t\t<span class=\"elementor-screen-only\">Siguiente<\/span>\n\t\t\t\t\t<\/div>\n\t\t\t\t\t\t\t\t\t<\/div>\n\t\t\t\t<\/div>\n\t\t\t\t<\/div>\n\t\t\t\t\t<\/div>\n\t\t<\/div>\n\t\t\t\t\t\t\t<\/div>\n\t\t<\/section>\n\t\t\t\t<section class=\"elementor-section elementor-top-section elementor-element elementor-element-4f5f5a72 elementor-section-full_width elementor-section-height-default elementor-section-height-default tf-sticky-section tf-sticky-no\" data-id=\"4f5f5a72\" data-element_type=\"section\" data-settings=\"{&quot;tf_sticky&quot;:&quot;no&quot;,&quot;ekit_has_onepagescroll_dot&quot;:&quot;yes&quot;}\">\n\t\t\t\t\t\t<div class=\"elementor-container elementor-column-gap-default\">\n\t\t\t\t\t<div class=\"elementor-column elementor-col-50 elementor-top-column elementor-element elementor-element-fba756a\" data-id=\"fba756a\" data-element_type=\"column\" data-settings=\"{&quot;background_background&quot;:&quot;classic&quot;}\">\n\t\t\t<div class=\"elementor-widget-wrap elementor-element-populated\">\n\t\t\t\t\t\t\t\t<div class=\"elementor-element elementor-element-64a09e9 elementor-widget elementor-widget-image\" data-id=\"64a09e9\" data-element_type=\"widget\" data-settings=\"{&quot;ekit_we_effect_on&quot;:&quot;none&quot;}\" data-widget_type=\"image.default\">\n\t\t\t\t<div class=\"elementor-widget-container\">\n\t\t\t<style>\/*! elementor - v3.10.1 - 17-01-2023 *\/\n.elementor-widget-image{text-align:center}.elementor-widget-image a{display:inline-block}.elementor-widget-image a img[src$=\".svg\"]{width:48px}.elementor-widget-image img{vertical-align:middle;display:inline-block}<\/style>\t\t\t\t\t\t\t\t\t\t\t\t<img width=\"57\" height=\"9\" src=\"https:\/\/livas.com.co\/wp-content\/uploads\/2022\/10\/icon-heading.png\" class=\"attachment-full size-full wp-image-283\" alt=\"\" loading=\"lazy\" \/>\t\t\t\t\t\t\t\t\t\t\t\t\t\t\t<\/div>\n\t\t\t\t<\/div>\n\t\t\t\t<div class=\"elementor-element elementor-element-c3f021e elementor-widget elementor-widget-heading\" data-id=\"c3f021e\" data-element_type=\"widget\" data-settings=\"{&quot;ekit_we_effect_on&quot;:&quot;none&quot;}\" data-widget_type=\"heading.default\">\n\t\t\t\t<div class=\"elementor-widget-container\">\n\t\t\t<style>\/*! elementor - v3.10.1 - 17-01-2023 *\/\n.elementor-heading-title{padding:0;margin:0;line-height:1}.elementor-widget-heading .elementor-heading-title[class*=elementor-size-]>a{color:inherit;font-size:inherit;line-height:inherit}.elementor-widget-heading .elementor-heading-title.elementor-size-small{font-size:15px}.elementor-widget-heading .elementor-heading-title.elementor-size-medium{font-size:19px}.elementor-widget-heading .elementor-heading-title.elementor-size-large{font-size:29px}.elementor-widget-heading .elementor-heading-title.elementor-size-xl{font-size:39px}.elementor-widget-heading .elementor-heading-title.elementor-size-xxl{font-size:59px}<\/style><h2 class=\"elementor-heading-title elementor-size-default\">Buceo<\/h2>\t\t<\/div>\n\t\t\t\t<\/div>\n\t\t\t\t<div class=\"elementor-element elementor-element-6b4e1b3d elementor-widget elementor-widget-text-editor\" data-id=\"6b4e1b3d\" data-element_type=\"widget\" data-settings=\"{&quot;ekit_we_effect_on&quot;:&quot;none&quot;}\" data-widget_type=\"text-editor.default\">\n\t\t\t\t<div class=\"elementor-widget-container\">\n\t\t\t<style>\/*! elementor - v3.10.1 - 17-01-2023 *\/\n.elementor-widget-text-editor.elementor-drop-cap-view-stacked .elementor-drop-cap{background-color:#818a91;color:#fff}.elementor-widget-text-editor.elementor-drop-cap-view-framed .elementor-drop-cap{color:#818a91;border:3px solid;background-color:transparent}.elementor-widget-text-editor:not(.elementor-drop-cap-view-default) .elementor-drop-cap{margin-top:8px}.elementor-widget-text-editor:not(.elementor-drop-cap-view-default) .elementor-drop-cap-letter{width:1em;height:1em}.elementor-widget-text-editor .elementor-drop-cap{float:left;text-align:center;line-height:1;font-size:50px}.elementor-widget-text-editor .elementor-drop-cap-letter{display:inline-block}<\/style>\t\t\t\t<p>Especies Marinas<br \/>Comisi\u00f3n T\u00e9cnica Buceo<br \/>Comisi\u00f3n Cient\u00edfica Buceo<br \/>Cronograma Cursos Buceo<br \/>Inscripci\u00f3n Cursos Buceo<br \/>Ingreso Solo Instructores<br \/>Consulta Buzos e Instructores<br \/>Ex\u00e1menes Cursos Buceo<\/p>\t\t\t\t\t\t<\/div>\n\t\t\t\t<\/div>\n\t\t\t\t<div class=\"elementor-element elementor-element-8e79d4e elementor-widget elementor-widget-image\" data-id=\"8e79d4e\" data-element_type=\"widget\" data-settings=\"{&quot;ekit_we_effect_on&quot;:&quot;none&quot;}\" data-widget_type=\"image.default\">\n\t\t\t\t<div class=\"elementor-widget-container\">\n\t\t\t\t\t\t\t\t\t\t\t\t\t\t\t<img width=\"4501\" height=\"4500\" src=\"https:\/\/livas.com.co\/wp-content\/uploads\/2023\/01\/LOGO-LIVAS_REDES-SOCIALES.png\" class=\"attachment-full size-full wp-image-1874\" alt=\"\" loading=\"lazy\" srcset=\"https:\/\/livas.com.co\/wp-content\/uploads\/2023\/01\/LOGO-LIVAS_REDES-SOCIALES.png 4501w, https:\/\/livas.com.co\/wp-content\/uploads\/2023\/01\/LOGO-LIVAS_REDES-SOCIALES-300x300.png 300w, https:\/\/livas.com.co\/wp-content\/uploads\/2023\/01\/LOGO-LIVAS_REDES-SOCIALES-1024x1024.png 1024w, https:\/\/livas.com.co\/wp-content\/uploads\/2023\/01\/LOGO-LIVAS_REDES-SOCIALES-150x150.png 150w, https:\/\/livas.com.co\/wp-content\/uploads\/2023\/01\/LOGO-LIVAS_REDES-SOCIALES-768x768.png 768w, https:\/\/livas.com.co\/wp-content\/uploads\/2023\/01\/LOGO-LIVAS_REDES-SOCIALES-1536x1536.png 1536w, https:\/\/livas.com.co\/wp-content\/uploads\/2023\/01\/LOGO-LIVAS_REDES-SOCIALES-2048x2048.png 2048w\" sizes=\"(max-width: 4501px) 100vw, 4501px\" \/>\t\t\t\t\t\t\t\t\t\t\t\t\t\t\t<\/div>\n\t\t\t\t<\/div>\n\t\t\t\t\t<\/div>\n\t\t<\/div>\n\t\t\t\t<div class=\"elementor-column elementor-col-50 elementor-top-column elementor-element elementor-element-1d51cb51\" data-id=\"1d51cb51\" data-element_type=\"column\" data-settings=\"{&quot;background_background&quot;:&quot;classic&quot;}\">\n\t\t\t<div class=\"elementor-widget-wrap elementor-element-populated\">\n\t\t\t\t\t\t\t\t<div class=\"elementor-element elementor-element-36f5f937 elementor-widget elementor-widget-spacer\" data-id=\"36f5f937\" data-element_type=\"widget\" data-settings=\"{&quot;ekit_we_effect_on&quot;:&quot;none&quot;}\" data-widget_type=\"spacer.default\">\n\t\t\t\t<div class=\"elementor-widget-container\">\n\t\t\t<style>\/*! elementor - v3.10.1 - 17-01-2023 *\/\n.elementor-column .elementor-spacer-inner{height:var(--spacer-size)}.e-con{--container-widget-width:100%}.e-con-inner>.elementor-widget-spacer,.e-con>.elementor-widget-spacer{width:var(--container-widget-width,var(--spacer-size));--align-self:var(--container-widget-align-self,initial);--flex-shrink:0}.e-con-inner>.elementor-widget-spacer>.elementor-widget-container,.e-con-inner>.elementor-widget-spacer>.elementor-widget-container>.elementor-spacer,.e-con>.elementor-widget-spacer>.elementor-widget-container,.e-con>.elementor-widget-spacer>.elementor-widget-container>.elementor-spacer{height:100%}.e-con-inner>.elementor-widget-spacer>.elementor-widget-container>.elementor-spacer>.elementor-spacer-inner,.e-con>.elementor-widget-spacer>.elementor-widget-container>.elementor-spacer>.elementor-spacer-inner{height:var(--container-widget-height,var(--spacer-size))}<\/style>\t\t<div class=\"elementor-spacer\">\n\t\t\t<div class=\"elementor-spacer-inner\"><\/div>\n\t\t<\/div>\n\t\t\t\t<\/div>\n\t\t\t\t<\/div>\n\t\t\t\t\t<\/div>\n\t\t<\/div>\n\t\t\t\t\t\t\t<\/div>\n\t\t<\/section>\n\t\t\t\t\t\t\t<\/div>\n\t\t","protected":false},"excerpt":{"rendered":"<p>Anterior Siguiente Buceo Especies MarinasComisi\u00f3n T\u00e9cnica BuceoComisi\u00f3n Cient\u00edfica BuceoCronograma Cursos BuceoInscripci\u00f3n Cursos BuceoIngreso Solo InstructoresConsulta Buzos e InstructoresEx\u00e1menes Cursos Buceo<\/p>\n","protected":false},"author":1,"featured_media":0,"parent":0,"menu_order":0,"comment_status":"closed","ping_status":"closed","template":"","meta":{"om_disable_all_campaigns":false,"_mi_skip_tracking":false,"site-sidebar-layout":"no-sidebar","site-content-layout":"page-builder","ast-global-header-display":"","ast-main-header-display":"","ast-hfb-above-header-display":"","ast-hfb-below-header-display":"","ast-hfb-mobile-header-display":"","site-post-title":"disabled","ast-breadcrumbs-content":"","ast-featured-img":"disabled","footer-sml-layout":"","theme-transparent-header-meta":"","adv-header-id-meta":"","stick-header-meta":"","header-above-stick-meta":"","header-main-stick-meta":"","header-below-stick-meta":""},"aioseo_notices":[],"_links":{"self":[{"href":"https:\/\/livas.com.co\/index.php?rest_route=\/wp\/v2\/pages\/640"}],"collection":[{"href":"https:\/\/livas.com.co\/index.php?rest_route=\/wp\/v2\/pages"}],"about":[{"href":"https:\/\/livas.com.co\/index.php?rest_route=\/wp\/v2\/types\/page"}],"author":[{"embeddable":true,"href":"https:\/\/livas.com.co\/index.php?rest_route=\/wp\/v2\/users\/1"}],"replies":[{"embeddable":true,"href":"https:\/\/livas.com.co\/index.php?rest_route=%2Fwp%2Fv2%2Fcomments&post=640"}],"version-history":[{"count":43,"href":"https:\/\/livas.com.co\/index.php?rest_route=\/wp\/v2\/pages\/640\/revisions"}],"predecessor-version":[{"id":1940,"href":"https:\/\/livas.com.co\/index.php?rest_route=\/wp\/v2\/pages\/640\/revisions\/1940"}],"wp:attachment":[{"href":"https:\/\/livas.com.co\/index.php?rest_route=%2Fwp%2Fv2%2Fmedia&parent=640"}],"curies":[{"name":"wp","href":"https:\/\/api.w.org\/{rel}","templated":true}]}}