{"id":657,"date":"2022-11-08T19:50:15","date_gmt":"2022-11-08T19:50:15","guid":{"rendered":"https:\/\/livas.com.co\/?page_id=657"},"modified":"2023-01-24T17:53:18","modified_gmt":"2023-01-24T17:53:18","slug":"hockey","status":"publish","type":"page","link":"https:\/\/livas.com.co\/?page_id=657","title":{"rendered":"Hockey"},"content":{"rendered":"\t\t<div data-elementor-type=\"wp-page\" data-elementor-id=\"657\" class=\"elementor elementor-657\">\n\t\t\t\t\t\t\t\t\t<section class=\"elementor-section elementor-top-section elementor-element elementor-element-4adde98 elementor-section-full_width elementor-section-height-default elementor-section-height-default tf-sticky-section tf-sticky-no\" data-id=\"4adde98\" data-element_type=\"section\" data-settings=\"{&quot;tf_sticky&quot;:&quot;no&quot;,&quot;ekit_has_onepagescroll_dot&quot;:&quot;yes&quot;}\">\n\t\t\t\t\t\t<div class=\"elementor-container elementor-column-gap-default\">\n\t\t\t\t\t<div class=\"elementor-column elementor-col-100 elementor-top-column elementor-element elementor-element-49b9509\" data-id=\"49b9509\" data-element_type=\"column\">\n\t\t\t<div class=\"elementor-widget-wrap elementor-element-populated\">\n\t\t\t\t\t\t\t\t<div class=\"elementor-element elementor-element-8457bac elementor-arrows-position-inside elementor-pagination-position-outside elementor-widget elementor-widget-image-carousel\" data-id=\"8457bac\" data-element_type=\"widget\" data-settings=\"{&quot;slides_to_show&quot;:&quot;4&quot;,&quot;slides_to_scroll&quot;:&quot;4&quot;,&quot;navigation&quot;:&quot;both&quot;,&quot;autoplay&quot;:&quot;yes&quot;,&quot;pause_on_hover&quot;:&quot;yes&quot;,&quot;pause_on_interaction&quot;:&quot;yes&quot;,&quot;autoplay_speed&quot;:5000,&quot;infinite&quot;:&quot;yes&quot;,&quot;speed&quot;:500,&quot;ekit_we_effect_on&quot;:&quot;none&quot;}\" data-widget_type=\"image-carousel.default\">\n\t\t\t\t<div class=\"elementor-widget-container\">\n\t\t\t<style>\/*! elementor - v3.10.1 - 17-01-2023 *\/\n.elementor-widget-image-carousel .swiper-container{position:static}.elementor-widget-image-carousel .swiper-container .swiper-slide figure{line-height:inherit}.elementor-widget-image-carousel .swiper-slide{text-align:center}.elementor-image-carousel-wrapper:not(.swiper-container-initialized) .swiper-slide{max-width:calc(100% \/ var(--e-image-carousel-slides-to-show, 3))}<\/style>\t\t<div class=\"elementor-image-carousel-wrapper swiper-container\" dir=\"ltr\">\n\t\t\t<div class=\"elementor-image-carousel swiper-wrapper\">\n\t\t\t\t\t\t\t\t<div class=\"swiper-slide\"><a data-elementor-open-lightbox=\"yes\" data-elementor-lightbox-slideshow=\"8457bac\" e-action-hash=\"#elementor-action%3Aaction%3Dlightbox%26settings%3DeyJpZCI6MTUzMywidXJsIjoiaHR0cHM6XC9cL2xpdmFzLmNvbS5jb1wvd3AtY29udGVudFwvdXBsb2Fkc1wvMjAyM1wvMDFcLzItNC5wbmciLCJzbGlkZXNob3ciOiI4NDU3YmFjIn0%3D\" href=\"https:\/\/livas.com.co\/wp-content\/uploads\/2023\/01\/2-4.png\"><figure class=\"swiper-slide-inner\"><img class=\"swiper-slide-image\" src=\"https:\/\/livas.com.co\/wp-content\/uploads\/2023\/01\/2-4-300x225.png\" alt=\"\" \/><\/figure><\/a><\/div><div class=\"swiper-slide\"><a data-elementor-open-lightbox=\"yes\" data-elementor-lightbox-slideshow=\"8457bac\" e-action-hash=\"#elementor-action%3Aaction%3Dlightbox%26settings%3DeyJpZCI6MTM0OCwidXJsIjoiaHR0cHM6XC9cL2xpdmFzLmNvbS5jb1wvd3AtY29udGVudFwvdXBsb2Fkc1wvMjAyM1wvMDFcLzctMS5wbmciLCJzbGlkZXNob3ciOiI4NDU3YmFjIn0%3D\" href=\"https:\/\/livas.com.co\/wp-content\/uploads\/2023\/01\/7-1.png\"><figure class=\"swiper-slide-inner\"><img class=\"swiper-slide-image\" src=\"https:\/\/livas.com.co\/wp-content\/uploads\/2023\/01\/7-1-300x225.png\" alt=\"\" \/><\/figure><\/a><\/div><div class=\"swiper-slide\"><a data-elementor-open-lightbox=\"yes\" data-elementor-lightbox-slideshow=\"8457bac\" e-action-hash=\"#elementor-action%3Aaction%3Dlightbox%26settings%3DeyJpZCI6MTMzNSwidXJsIjoiaHR0cHM6XC9cL2xpdmFzLmNvbS5jb1wvd3AtY29udGVudFwvdXBsb2Fkc1wvMjAyM1wvMDFcLzcucG5nIiwic2xpZGVzaG93IjoiODQ1N2JhYyJ9\" href=\"https:\/\/livas.com.co\/wp-content\/uploads\/2023\/01\/7.png\"><figure class=\"swiper-slide-inner\"><img class=\"swiper-slide-image\" src=\"https:\/\/livas.com.co\/wp-content\/uploads\/2023\/01\/7-300x225.png\" alt=\"\" \/><\/figure><\/a><\/div><div class=\"swiper-slide\"><a data-elementor-open-lightbox=\"yes\" data-elementor-lightbox-slideshow=\"8457bac\" e-action-hash=\"#elementor-action%3Aaction%3Dlightbox%26settings%3DeyJpZCI6MTMzNCwidXJsIjoiaHR0cHM6XC9cL2xpdmFzLmNvbS5jb1wvd3AtY29udGVudFwvdXBsb2Fkc1wvMjAyM1wvMDFcLzkucG5nIiwic2xpZGVzaG93IjoiODQ1N2JhYyJ9\" href=\"https:\/\/livas.com.co\/wp-content\/uploads\/2023\/01\/9.png\"><figure class=\"swiper-slide-inner\"><img class=\"swiper-slide-image\" src=\"https:\/\/livas.com.co\/wp-content\/uploads\/2023\/01\/9-300x225.png\" alt=\"\" \/><\/figure><\/a><\/div><div class=\"swiper-slide\"><a data-elementor-open-lightbox=\"yes\" data-elementor-lightbox-slideshow=\"8457bac\" e-action-hash=\"#elementor-action%3Aaction%3Dlightbox%26settings%3DeyJpZCI6MTUzNSwidXJsIjoiaHR0cHM6XC9cL2xpdmFzLmNvbS5jb1wvd3AtY29udGVudFwvdXBsb2Fkc1wvMjAyM1wvMDFcLzEtNC5wbmciLCJzbGlkZXNob3ciOiI4NDU3YmFjIn0%3D\" href=\"https:\/\/livas.com.co\/wp-content\/uploads\/2023\/01\/1-4.png\"><figure class=\"swiper-slide-inner\"><img class=\"swiper-slide-image\" src=\"https:\/\/livas.com.co\/wp-content\/uploads\/2023\/01\/1-4-300x225.png\" alt=\"\" \/><\/figure><\/a><\/div><div class=\"swiper-slide\"><a data-elementor-open-lightbox=\"yes\" data-elementor-lightbox-slideshow=\"8457bac\" e-action-hash=\"#elementor-action%3Aaction%3Dlightbox%26settings%3DeyJpZCI6MTMzMSwidXJsIjoiaHR0cHM6XC9cL2xpdmFzLmNvbS5jb1wvd3AtY29udGVudFwvdXBsb2Fkc1wvMjAyM1wvMDFcLzExLnBuZyIsInNsaWRlc2hvdyI6Ijg0NTdiYWMifQ%3D%3D\" href=\"https:\/\/livas.com.co\/wp-content\/uploads\/2023\/01\/11.png\"><figure class=\"swiper-slide-inner\"><img class=\"swiper-slide-image\" src=\"https:\/\/livas.com.co\/wp-content\/uploads\/2023\/01\/11-300x225.png\" alt=\"\" \/><\/figure><\/a><\/div><div class=\"swiper-slide\"><a data-elementor-open-lightbox=\"yes\" data-elementor-lightbox-slideshow=\"8457bac\" e-action-hash=\"#elementor-action%3Aaction%3Dlightbox%26settings%3DeyJpZCI6MTMzMCwidXJsIjoiaHR0cHM6XC9cL2xpdmFzLmNvbS5jb1wvd3AtY29udGVudFwvdXBsb2Fkc1wvMjAyM1wvMDFcLzEwLnBuZyIsInNsaWRlc2hvdyI6Ijg0NTdiYWMifQ%3D%3D\" href=\"https:\/\/livas.com.co\/wp-content\/uploads\/2023\/01\/10.png\"><figure class=\"swiper-slide-inner\"><img class=\"swiper-slide-image\" src=\"https:\/\/livas.com.co\/wp-content\/uploads\/2023\/01\/10-300x225.png\" alt=\"\" \/><\/figure><\/a><\/div><div class=\"swiper-slide\"><a data-elementor-open-lightbox=\"yes\" data-elementor-lightbox-slideshow=\"8457bac\" e-action-hash=\"#elementor-action%3Aaction%3Dlightbox%26settings%3DeyJpZCI6MTMzMiwidXJsIjoiaHR0cHM6XC9cL2xpdmFzLmNvbS5jb1wvd3AtY29udGVudFwvdXBsb2Fkc1wvMjAyM1wvMDFcLzEyLnBuZyIsInNsaWRlc2hvdyI6Ijg0NTdiYWMifQ%3D%3D\" href=\"https:\/\/livas.com.co\/wp-content\/uploads\/2023\/01\/12.png\"><figure class=\"swiper-slide-inner\"><img class=\"swiper-slide-image\" src=\"https:\/\/livas.com.co\/wp-content\/uploads\/2023\/01\/12-300x225.png\" alt=\"\" \/><\/figure><\/a><\/div><div class=\"swiper-slide\"><a data-elementor-open-lightbox=\"yes\" data-elementor-lightbox-slideshow=\"8457bac\" e-action-hash=\"#elementor-action%3Aaction%3Dlightbox%26settings%3DeyJpZCI6MTMzNywidXJsIjoiaHR0cHM6XC9cL2xpdmFzLmNvbS5jb1wvd3AtY29udGVudFwvdXBsb2Fkc1wvMjAyM1wvMDFcLzYucG5nIiwic2xpZGVzaG93IjoiODQ1N2JhYyJ9\" href=\"https:\/\/livas.com.co\/wp-content\/uploads\/2023\/01\/6.png\"><figure class=\"swiper-slide-inner\"><img class=\"swiper-slide-image\" src=\"https:\/\/livas.com.co\/wp-content\/uploads\/2023\/01\/6-300x225.png\" alt=\"\" \/><\/figure><\/a><\/div><div class=\"swiper-slide\"><a data-elementor-open-lightbox=\"yes\" data-elementor-lightbox-slideshow=\"8457bac\" e-action-hash=\"#elementor-action%3Aaction%3Dlightbox%26settings%3DeyJpZCI6MTUzNCwidXJsIjoiaHR0cHM6XC9cL2xpdmFzLmNvbS5jb1wvd3AtY29udGVudFwvdXBsb2Fkc1wvMjAyM1wvMDFcLzMtNC5wbmciLCJzbGlkZXNob3ciOiI4NDU3YmFjIn0%3D\" href=\"https:\/\/livas.com.co\/wp-content\/uploads\/2023\/01\/3-4.png\"><figure class=\"swiper-slide-inner\"><img class=\"swiper-slide-image\" src=\"https:\/\/livas.com.co\/wp-content\/uploads\/2023\/01\/3-4-300x225.png\" alt=\"\" \/><\/figure><\/a><\/div>\t\t\t<\/div>\n\t\t\t\t\t\t\t\t\t\t\t\t<div class=\"swiper-pagination\"><\/div>\n\t\t\t\t\t\t\t\t\t\t\t\t\t<div class=\"elementor-swiper-button elementor-swiper-button-prev\">\n\t\t\t\t\t\t<i aria-hidden=\"true\" class=\"eicon-chevron-left\"><\/i>\t\t\t\t\t\t<span class=\"elementor-screen-only\">Anterior<\/span>\n\t\t\t\t\t<\/div>\n\t\t\t\t\t<div class=\"elementor-swiper-button elementor-swiper-button-next\">\n\t\t\t\t\t\t<i aria-hidden=\"true\" class=\"eicon-chevron-right\"><\/i>\t\t\t\t\t\t<span class=\"elementor-screen-only\">Siguiente<\/span>\n\t\t\t\t\t<\/div>\n\t\t\t\t\t\t\t\t\t<\/div>\n\t\t\t\t<\/div>\n\t\t\t\t<\/div>\n\t\t\t\t\t<\/div>\n\t\t<\/div>\n\t\t\t\t\t\t\t<\/div>\n\t\t<\/section>\n\t\t\t\t<section class=\"elementor-section elementor-top-section elementor-element elementor-element-1477212e elementor-section-full_width elementor-section-height-default elementor-section-height-default tf-sticky-section tf-sticky-no\" data-id=\"1477212e\" data-element_type=\"section\" data-settings=\"{&quot;tf_sticky&quot;:&quot;no&quot;,&quot;ekit_has_onepagescroll_dot&quot;:&quot;yes&quot;}\">\n\t\t\t\t\t\t<div class=\"elementor-container elementor-column-gap-default\">\n\t\t\t\t\t<div class=\"elementor-column elementor-col-50 elementor-top-column elementor-element elementor-element-108fda86\" data-id=\"108fda86\" data-element_type=\"column\" data-settings=\"{&quot;background_background&quot;:&quot;classic&quot;}\">\n\t\t\t<div class=\"elementor-widget-wrap elementor-element-populated\">\n\t\t\t\t\t\t\t\t<div class=\"elementor-element elementor-element-d9eb559 elementor-widget elementor-widget-image\" data-id=\"d9eb559\" data-element_type=\"widget\" data-settings=\"{&quot;ekit_we_effect_on&quot;:&quot;none&quot;}\" data-widget_type=\"image.default\">\n\t\t\t\t<div class=\"elementor-widget-container\">\n\t\t\t<style>\/*! elementor - v3.10.1 - 17-01-2023 *\/\n.elementor-widget-image{text-align:center}.elementor-widget-image a{display:inline-block}.elementor-widget-image a img[src$=\".svg\"]{width:48px}.elementor-widget-image img{vertical-align:middle;display:inline-block}<\/style>\t\t\t\t\t\t\t\t\t\t\t\t<img width=\"57\" height=\"9\" src=\"https:\/\/livas.com.co\/wp-content\/uploads\/2022\/10\/icon-heading.png\" class=\"attachment-full size-full wp-image-283\" alt=\"\" loading=\"lazy\" \/>\t\t\t\t\t\t\t\t\t\t\t\t\t\t\t<\/div>\n\t\t\t\t<\/div>\n\t\t\t\t<div class=\"elementor-element elementor-element-a154d0a elementor-widget elementor-widget-heading\" data-id=\"a154d0a\" data-element_type=\"widget\" data-settings=\"{&quot;ekit_we_effect_on&quot;:&quot;none&quot;}\" data-widget_type=\"heading.default\">\n\t\t\t\t<div class=\"elementor-widget-container\">\n\t\t\t<style>\/*! elementor - v3.10.1 - 17-01-2023 *\/\n.elementor-heading-title{padding:0;margin:0;line-height:1}.elementor-widget-heading .elementor-heading-title[class*=elementor-size-]>a{color:inherit;font-size:inherit;line-height:inherit}.elementor-widget-heading .elementor-heading-title.elementor-size-small{font-size:15px}.elementor-widget-heading .elementor-heading-title.elementor-size-medium{font-size:19px}.elementor-widget-heading .elementor-heading-title.elementor-size-large{font-size:29px}.elementor-widget-heading .elementor-heading-title.elementor-size-xl{font-size:39px}.elementor-widget-heading .elementor-heading-title.elementor-size-xxl{font-size:59px}<\/style><h2 class=\"elementor-heading-title elementor-size-default\">Hockey<\/h2>\t\t<\/div>\n\t\t\t\t<\/div>\n\t\t\t\t<div class=\"elementor-element elementor-element-f9e40c elementor-widget elementor-widget-text-editor\" data-id=\"f9e40c\" data-element_type=\"widget\" data-settings=\"{&quot;ekit_we_effect_on&quot;:&quot;none&quot;}\" data-widget_type=\"text-editor.default\">\n\t\t\t\t<div class=\"elementor-widget-container\">\n\t\t\t<style>\/*! elementor - v3.10.1 - 17-01-2023 *\/\n.elementor-widget-text-editor.elementor-drop-cap-view-stacked .elementor-drop-cap{background-color:#818a91;color:#fff}.elementor-widget-text-editor.elementor-drop-cap-view-framed .elementor-drop-cap{color:#818a91;border:3px solid;background-color:transparent}.elementor-widget-text-editor:not(.elementor-drop-cap-view-default) .elementor-drop-cap{margin-top:8px}.elementor-widget-text-editor:not(.elementor-drop-cap-view-default) .elementor-drop-cap-letter{width:1em;height:1em}.elementor-widget-text-editor .elementor-drop-cap{float:left;text-align:center;line-height:1;font-size:50px}.elementor-widget-text-editor .elementor-drop-cap-letter{display:inline-block}<\/style>\t\t\t\tEn hockey subacu\u00e1tico, dos equipos de seis jugadores, llevando s\u00f3lo m\u00e1scaras, aletas y snorkels, compiten en una piscina. Su objetivo es manejar el disco para introducirlo en la porter\u00eda contraria . Es similar al hockey de hielo, sin embargo la mayor diferencia es que el juego se realiza en el fondo de la piscina mientras se mantiene la respiraci\u00f3n.<br>\nEl equipo necesario para jugar hockey subacu\u00e1tico es muy b\u00e1sico. Todo lo que se necesita son la m\u00e1scara, aletas, snorkel, un guante, el palo de hockey, gorro protector con orejeras para la cabeza, protector especial para la boca y el disco (hecho de plomo y recubierto con pl\u00e1stico) y las porter\u00edas, las cuales se sit\u00faan a los extremos de la cancha, la cual mide 25 metros de largo.\t\t\t\t\t\t<\/div>\n\t\t\t\t<\/div>\n\t\t\t\t<div class=\"elementor-element elementor-element-b52fb80 elementor-widget elementor-widget-image\" data-id=\"b52fb80\" data-element_type=\"widget\" data-settings=\"{&quot;ekit_we_effect_on&quot;:&quot;none&quot;}\" data-widget_type=\"image.default\">\n\t\t\t\t<div class=\"elementor-widget-container\">\n\t\t\t\t\t\t\t\t\t\t\t\t\t\t\t<img width=\"4501\" height=\"4500\" src=\"https:\/\/livas.com.co\/wp-content\/uploads\/2023\/01\/LOGO-LIVAS_REDES-SOCIALES.png\" class=\"attachment-full size-full wp-image-1874\" alt=\"\" loading=\"lazy\" srcset=\"https:\/\/livas.com.co\/wp-content\/uploads\/2023\/01\/LOGO-LIVAS_REDES-SOCIALES.png 4501w, https:\/\/livas.com.co\/wp-content\/uploads\/2023\/01\/LOGO-LIVAS_REDES-SOCIALES-300x300.png 300w, https:\/\/livas.com.co\/wp-content\/uploads\/2023\/01\/LOGO-LIVAS_REDES-SOCIALES-1024x1024.png 1024w, https:\/\/livas.com.co\/wp-content\/uploads\/2023\/01\/LOGO-LIVAS_REDES-SOCIALES-150x150.png 150w, https:\/\/livas.com.co\/wp-content\/uploads\/2023\/01\/LOGO-LIVAS_REDES-SOCIALES-768x768.png 768w, https:\/\/livas.com.co\/wp-content\/uploads\/2023\/01\/LOGO-LIVAS_REDES-SOCIALES-1536x1536.png 1536w, https:\/\/livas.com.co\/wp-content\/uploads\/2023\/01\/LOGO-LIVAS_REDES-SOCIALES-2048x2048.png 2048w\" sizes=\"(max-width: 4501px) 100vw, 4501px\" \/>\t\t\t\t\t\t\t\t\t\t\t\t\t\t\t<\/div>\n\t\t\t\t<\/div>\n\t\t\t\t\t<\/div>\n\t\t<\/div>\n\t\t\t\t<div class=\"elementor-column elementor-col-50 elementor-top-column elementor-element elementor-element-5ec6677f\" data-id=\"5ec6677f\" data-element_type=\"column\" data-settings=\"{&quot;background_background&quot;:&quot;classic&quot;}\">\n\t\t\t<div class=\"elementor-widget-wrap elementor-element-populated\">\n\t\t\t\t\t\t\t\t<div class=\"elementor-element elementor-element-327aab3 elementor-widget elementor-widget-spacer\" data-id=\"327aab3\" data-element_type=\"widget\" data-settings=\"{&quot;ekit_we_effect_on&quot;:&quot;none&quot;}\" data-widget_type=\"spacer.default\">\n\t\t\t\t<div class=\"elementor-widget-container\">\n\t\t\t<style>\/*! elementor - v3.10.1 - 17-01-2023 *\/\n.elementor-column .elementor-spacer-inner{height:var(--spacer-size)}.e-con{--container-widget-width:100%}.e-con-inner>.elementor-widget-spacer,.e-con>.elementor-widget-spacer{width:var(--container-widget-width,var(--spacer-size));--align-self:var(--container-widget-align-self,initial);--flex-shrink:0}.e-con-inner>.elementor-widget-spacer>.elementor-widget-container,.e-con-inner>.elementor-widget-spacer>.elementor-widget-container>.elementor-spacer,.e-con>.elementor-widget-spacer>.elementor-widget-container,.e-con>.elementor-widget-spacer>.elementor-widget-container>.elementor-spacer{height:100%}.e-con-inner>.elementor-widget-spacer>.elementor-widget-container>.elementor-spacer>.elementor-spacer-inner,.e-con>.elementor-widget-spacer>.elementor-widget-container>.elementor-spacer>.elementor-spacer-inner{height:var(--container-widget-height,var(--spacer-size))}<\/style>\t\t<div class=\"elementor-spacer\">\n\t\t\t<div class=\"elementor-spacer-inner\"><\/div>\n\t\t<\/div>\n\t\t\t\t<\/div>\n\t\t\t\t<\/div>\n\t\t\t\t\t<\/div>\n\t\t<\/div>\n\t\t\t\t\t\t\t<\/div>\n\t\t<\/section>\n\t\t\t\t\t\t\t<\/div>\n\t\t","protected":false},"excerpt":{"rendered":"<p>Anterior Siguiente Hockey En hockey subacu\u00e1tico, dos equipos de seis jugadores, llevando s\u00f3lo m\u00e1scaras, aletas y snorkels, compiten en una piscina. Su objetivo es manejar el disco para introducirlo en la porter\u00eda contraria . Es similar al hockey de hielo, sin embargo la mayor diferencia es que el juego se realiza en el fondo de &hellip;<\/p>\n<p class=\"read-more\"> <a class=\"\" href=\"https:\/\/livas.com.co\/?page_id=657\"> <span class=\"screen-reader-text\">Hockey<\/span> Leer m\u00e1s &raquo;<\/a><\/p>\n","protected":false},"author":1,"featured_media":0,"parent":0,"menu_order":0,"comment_status":"closed","ping_status":"closed","template":"","meta":{"om_disable_all_campaigns":false,"_mi_skip_tracking":false,"site-sidebar-layout":"no-sidebar","site-content-layout":"page-builder","ast-global-header-display":"","ast-main-header-display":"","ast-hfb-above-header-display":"","ast-hfb-below-header-display":"","ast-hfb-mobile-header-display":"","site-post-title":"disabled","ast-breadcrumbs-content":"","ast-featured-img":"disabled","footer-sml-layout":"","theme-transparent-header-meta":"","adv-header-id-meta":"","stick-header-meta":"","header-above-stick-meta":"","header-main-stick-meta":"","header-below-stick-meta":""},"aioseo_notices":[],"_links":{"self":[{"href":"https:\/\/livas.com.co\/index.php?rest_route=\/wp\/v2\/pages\/657"}],"collection":[{"href":"https:\/\/livas.com.co\/index.php?rest_route=\/wp\/v2\/pages"}],"about":[{"href":"https:\/\/livas.com.co\/index.php?rest_route=\/wp\/v2\/types\/page"}],"author":[{"embeddable":true,"href":"https:\/\/livas.com.co\/index.php?rest_route=\/wp\/v2\/users\/1"}],"replies":[{"embeddable":true,"href":"https:\/\/livas.com.co\/index.php?rest_route=%2Fwp%2Fv2%2Fcomments&post=657"}],"version-history":[{"count":88,"href":"https:\/\/livas.com.co\/index.php?rest_route=\/wp\/v2\/pages\/657\/revisions"}],"predecessor-version":[{"id":1946,"href":"https:\/\/livas.com.co\/index.php?rest_route=\/wp\/v2\/pages\/657\/revisions\/1946"}],"wp:attachment":[{"href":"https:\/\/livas.com.co\/index.php?rest_route=%2Fwp%2Fv2%2Fmedia&parent=657"}],"curies":[{"name":"wp","href":"https:\/\/api.w.org\/{rel}","templated":true}]}}