{"id":669,"date":"2022-11-08T20:02:47","date_gmt":"2022-11-08T20:02:47","guid":{"rendered":"https:\/\/livas.com.co\/?page_id=669"},"modified":"2023-01-24T17:49:56","modified_gmt":"2023-01-24T17:49:56","slug":"rugby","status":"publish","type":"page","link":"https:\/\/livas.com.co\/?page_id=669","title":{"rendered":"Rugby"},"content":{"rendered":"\t\t<div data-elementor-type=\"wp-page\" data-elementor-id=\"669\" class=\"elementor elementor-669\">\n\t\t\t\t\t\t\t\t\t<section class=\"elementor-section elementor-top-section elementor-element elementor-element-709fbd2 elementor-section-boxed elementor-section-height-default elementor-section-height-default tf-sticky-section tf-sticky-no\" data-id=\"709fbd2\" data-element_type=\"section\" data-settings=\"{&quot;tf_sticky&quot;:&quot;no&quot;,&quot;ekit_has_onepagescroll_dot&quot;:&quot;yes&quot;}\">\n\t\t\t\t\t\t<div class=\"elementor-container elementor-column-gap-default\">\n\t\t\t\t\t<div class=\"elementor-column elementor-col-100 elementor-top-column elementor-element elementor-element-87ea804\" data-id=\"87ea804\" data-element_type=\"column\">\n\t\t\t<div class=\"elementor-widget-wrap elementor-element-populated\">\n\t\t\t\t\t\t\t\t<div class=\"elementor-element elementor-element-a81d2d6 elementor-arrows-position-inside elementor-pagination-position-outside elementor-widget elementor-widget-image-carousel\" data-id=\"a81d2d6\" data-element_type=\"widget\" data-settings=\"{&quot;slides_to_show&quot;:&quot;4&quot;,&quot;slides_to_scroll&quot;:&quot;4&quot;,&quot;navigation&quot;:&quot;both&quot;,&quot;autoplay&quot;:&quot;yes&quot;,&quot;pause_on_hover&quot;:&quot;yes&quot;,&quot;pause_on_interaction&quot;:&quot;yes&quot;,&quot;autoplay_speed&quot;:5000,&quot;infinite&quot;:&quot;yes&quot;,&quot;speed&quot;:500,&quot;ekit_we_effect_on&quot;:&quot;none&quot;}\" data-widget_type=\"image-carousel.default\">\n\t\t\t\t<div class=\"elementor-widget-container\">\n\t\t\t<style>\/*! elementor - v3.10.1 - 17-01-2023 *\/\n.elementor-widget-image-carousel .swiper-container{position:static}.elementor-widget-image-carousel .swiper-container .swiper-slide figure{line-height:inherit}.elementor-widget-image-carousel .swiper-slide{text-align:center}.elementor-image-carousel-wrapper:not(.swiper-container-initialized) .swiper-slide{max-width:calc(100% \/ var(--e-image-carousel-slides-to-show, 3))}<\/style>\t\t<div class=\"elementor-image-carousel-wrapper swiper-container\" dir=\"ltr\">\n\t\t\t<div class=\"elementor-image-carousel swiper-wrapper\">\n\t\t\t\t\t\t\t\t<div class=\"swiper-slide\"><a data-elementor-open-lightbox=\"yes\" data-elementor-lightbox-slideshow=\"a81d2d6\" e-action-hash=\"#elementor-action%3Aaction%3Dlightbox%26settings%3DeyJpZCI6MTM1MiwidXJsIjoiaHR0cHM6XC9cL2xpdmFzLmNvbS5jb1wvd3AtY29udGVudFwvdXBsb2Fkc1wvMjAyM1wvMDFcLzItMS5wbmciLCJzbGlkZXNob3ciOiJhODFkMmQ2In0%3D\" href=\"https:\/\/livas.com.co\/wp-content\/uploads\/2023\/01\/2-1.png\"><figure class=\"swiper-slide-inner\"><img class=\"swiper-slide-image\" src=\"https:\/\/livas.com.co\/wp-content\/uploads\/2023\/01\/2-1-300x225.png\" alt=\"\" \/><\/figure><\/a><\/div><div class=\"swiper-slide\"><a data-elementor-open-lightbox=\"yes\" data-elementor-lightbox-slideshow=\"a81d2d6\" e-action-hash=\"#elementor-action%3Aaction%3Dlightbox%26settings%3DeyJpZCI6MTM1MCwidXJsIjoiaHR0cHM6XC9cL2xpdmFzLmNvbS5jb1wvd3AtY29udGVudFwvdXBsb2Fkc1wvMjAyM1wvMDFcLzQtMS5wbmciLCJzbGlkZXNob3ciOiJhODFkMmQ2In0%3D\" href=\"https:\/\/livas.com.co\/wp-content\/uploads\/2023\/01\/4-1.png\"><figure class=\"swiper-slide-inner\"><img class=\"swiper-slide-image\" src=\"https:\/\/livas.com.co\/wp-content\/uploads\/2023\/01\/4-1-300x225.png\" alt=\"\" \/><\/figure><\/a><\/div><div class=\"swiper-slide\"><a data-elementor-open-lightbox=\"yes\" data-elementor-lightbox-slideshow=\"a81d2d6\" e-action-hash=\"#elementor-action%3Aaction%3Dlightbox%26settings%3DeyJpZCI6MTM4MywidXJsIjoiaHR0cHM6XC9cL2xpdmFzLmNvbS5jb1wvd3AtY29udGVudFwvdXBsb2Fkc1wvMjAyM1wvMDFcL0Rpc2Vuby1zaW4tdGl0dWxvLTIwMjMtMDEtMTNUMTMyMzIzLjM3Mi5wbmciLCJzbGlkZXNob3ciOiJhODFkMmQ2In0%3D\" href=\"https:\/\/livas.com.co\/wp-content\/uploads\/2023\/01\/Diseno-sin-titulo-2023-01-13T132323.372.png\"><figure class=\"swiper-slide-inner\"><img class=\"swiper-slide-image\" src=\"https:\/\/livas.com.co\/wp-content\/uploads\/2023\/01\/Diseno-sin-titulo-2023-01-13T132323.372-300x225.png\" alt=\"\" \/><\/figure><\/a><\/div><div class=\"swiper-slide\"><a data-elementor-open-lightbox=\"yes\" data-elementor-lightbox-slideshow=\"a81d2d6\" e-action-hash=\"#elementor-action%3Aaction%3Dlightbox%26settings%3DeyJpZCI6MTM4MiwidXJsIjoiaHR0cHM6XC9cL2xpdmFzLmNvbS5jb1wvd3AtY29udGVudFwvdXBsb2Fkc1wvMjAyM1wvMDFcLzgtMi5wbmciLCJzbGlkZXNob3ciOiJhODFkMmQ2In0%3D\" href=\"https:\/\/livas.com.co\/wp-content\/uploads\/2023\/01\/8-2.png\"><figure class=\"swiper-slide-inner\"><img class=\"swiper-slide-image\" src=\"https:\/\/livas.com.co\/wp-content\/uploads\/2023\/01\/8-2-300x225.png\" alt=\"\" \/><\/figure><\/a><\/div><div class=\"swiper-slide\"><a data-elementor-open-lightbox=\"yes\" data-elementor-lightbox-slideshow=\"a81d2d6\" e-action-hash=\"#elementor-action%3Aaction%3Dlightbox%26settings%3DeyJpZCI6MTM4MCwidXJsIjoiaHR0cHM6XC9cL2xpdmFzLmNvbS5jb1wvd3AtY29udGVudFwvdXBsb2Fkc1wvMjAyM1wvMDFcLzEtMi5wbmciLCJzbGlkZXNob3ciOiJhODFkMmQ2In0%3D\" href=\"https:\/\/livas.com.co\/wp-content\/uploads\/2023\/01\/1-2.png\"><figure class=\"swiper-slide-inner\"><img class=\"swiper-slide-image\" src=\"https:\/\/livas.com.co\/wp-content\/uploads\/2023\/01\/1-2-300x225.png\" alt=\"\" \/><\/figure><\/a><\/div><div class=\"swiper-slide\"><a data-elementor-open-lightbox=\"yes\" data-elementor-lightbox-slideshow=\"a81d2d6\" e-action-hash=\"#elementor-action%3Aaction%3Dlightbox%26settings%3DeyJpZCI6MTU1MSwidXJsIjoiaHR0cHM6XC9cL2xpdmFzLmNvbS5jb1wvd3AtY29udGVudFwvdXBsb2Fkc1wvMjAyM1wvMDFcLzEtNi5wbmciLCJzbGlkZXNob3ciOiJhODFkMmQ2In0%3D\" href=\"https:\/\/livas.com.co\/wp-content\/uploads\/2023\/01\/1-6.png\"><figure class=\"swiper-slide-inner\"><img class=\"swiper-slide-image\" src=\"https:\/\/livas.com.co\/wp-content\/uploads\/2023\/01\/1-6-300x225.png\" alt=\"\" \/><\/figure><\/a><\/div><div class=\"swiper-slide\"><a data-elementor-open-lightbox=\"yes\" data-elementor-lightbox-slideshow=\"a81d2d6\" e-action-hash=\"#elementor-action%3Aaction%3Dlightbox%26settings%3DeyJpZCI6MTU1MCwidXJsIjoiaHR0cHM6XC9cL2xpdmFzLmNvbS5jb1wvd3AtY29udGVudFwvdXBsb2Fkc1wvMjAyM1wvMDFcLzMtNi5wbmciLCJzbGlkZXNob3ciOiJhODFkMmQ2In0%3D\" href=\"https:\/\/livas.com.co\/wp-content\/uploads\/2023\/01\/3-6.png\"><figure class=\"swiper-slide-inner\"><img class=\"swiper-slide-image\" src=\"https:\/\/livas.com.co\/wp-content\/uploads\/2023\/01\/3-6-300x225.png\" alt=\"\" \/><\/figure><\/a><\/div><div class=\"swiper-slide\"><a data-elementor-open-lightbox=\"yes\" data-elementor-lightbox-slideshow=\"a81d2d6\" e-action-hash=\"#elementor-action%3Aaction%3Dlightbox%26settings%3DeyJpZCI6MTU0OCwidXJsIjoiaHR0cHM6XC9cL2xpdmFzLmNvbS5jb1wvd3AtY29udGVudFwvdXBsb2Fkc1wvMjAyM1wvMDFcLzQtNi5wbmciLCJzbGlkZXNob3ciOiJhODFkMmQ2In0%3D\" href=\"https:\/\/livas.com.co\/wp-content\/uploads\/2023\/01\/4-6.png\"><figure class=\"swiper-slide-inner\"><img class=\"swiper-slide-image\" src=\"https:\/\/livas.com.co\/wp-content\/uploads\/2023\/01\/4-6-300x225.png\" alt=\"\" \/><\/figure><\/a><\/div><div class=\"swiper-slide\"><a data-elementor-open-lightbox=\"yes\" data-elementor-lightbox-slideshow=\"a81d2d6\" e-action-hash=\"#elementor-action%3Aaction%3Dlightbox%26settings%3DeyJpZCI6MTU0OSwidXJsIjoiaHR0cHM6XC9cL2xpdmFzLmNvbS5jb1wvd3AtY29udGVudFwvdXBsb2Fkc1wvMjAyM1wvMDFcLzItNi5wbmciLCJzbGlkZXNob3ciOiJhODFkMmQ2In0%3D\" href=\"https:\/\/livas.com.co\/wp-content\/uploads\/2023\/01\/2-6.png\"><figure class=\"swiper-slide-inner\"><img class=\"swiper-slide-image\" src=\"https:\/\/livas.com.co\/wp-content\/uploads\/2023\/01\/2-6-300x225.png\" alt=\"\" \/><\/figure><\/a><\/div><div class=\"swiper-slide\"><a data-elementor-open-lightbox=\"yes\" data-elementor-lightbox-slideshow=\"a81d2d6\" e-action-hash=\"#elementor-action%3Aaction%3Dlightbox%26settings%3DeyJpZCI6MTM3OCwidXJsIjoiaHR0cHM6XC9cL2xpdmFzLmNvbS5jb1wvd3AtY29udGVudFwvdXBsb2Fkc1wvMjAyM1wvMDFcLzMtMi5wbmciLCJzbGlkZXNob3ciOiJhODFkMmQ2In0%3D\" href=\"https:\/\/livas.com.co\/wp-content\/uploads\/2023\/01\/3-2.png\"><figure class=\"swiper-slide-inner\"><img class=\"swiper-slide-image\" src=\"https:\/\/livas.com.co\/wp-content\/uploads\/2023\/01\/3-2-300x225.png\" alt=\"\" \/><\/figure><\/a><\/div>\t\t\t<\/div>\n\t\t\t\t\t\t\t\t\t\t\t\t<div class=\"swiper-pagination\"><\/div>\n\t\t\t\t\t\t\t\t\t\t\t\t\t<div class=\"elementor-swiper-button elementor-swiper-button-prev\">\n\t\t\t\t\t\t<i aria-hidden=\"true\" class=\"eicon-chevron-left\"><\/i>\t\t\t\t\t\t<span class=\"elementor-screen-only\">Anterior<\/span>\n\t\t\t\t\t<\/div>\n\t\t\t\t\t<div class=\"elementor-swiper-button elementor-swiper-button-next\">\n\t\t\t\t\t\t<i aria-hidden=\"true\" class=\"eicon-chevron-right\"><\/i>\t\t\t\t\t\t<span class=\"elementor-screen-only\">Siguiente<\/span>\n\t\t\t\t\t<\/div>\n\t\t\t\t\t\t\t\t\t<\/div>\n\t\t\t\t<\/div>\n\t\t\t\t<\/div>\n\t\t\t\t\t<\/div>\n\t\t<\/div>\n\t\t\t\t\t\t\t<\/div>\n\t\t<\/section>\n\t\t\t\t<section class=\"elementor-section elementor-top-section elementor-element elementor-element-143ec773 elementor-section-full_width elementor-section-height-default elementor-section-height-default tf-sticky-section tf-sticky-no\" data-id=\"143ec773\" data-element_type=\"section\" data-settings=\"{&quot;tf_sticky&quot;:&quot;no&quot;,&quot;ekit_has_onepagescroll_dot&quot;:&quot;yes&quot;}\">\n\t\t\t\t\t\t<div class=\"elementor-container elementor-column-gap-default\">\n\t\t\t\t\t<div class=\"elementor-column elementor-col-50 elementor-top-column elementor-element elementor-element-7b68e7d\" data-id=\"7b68e7d\" data-element_type=\"column\" data-settings=\"{&quot;background_background&quot;:&quot;classic&quot;}\">\n\t\t\t<div class=\"elementor-widget-wrap elementor-element-populated\">\n\t\t\t\t\t\t\t\t<div class=\"elementor-element elementor-element-d7a2c3e elementor-widget elementor-widget-image\" data-id=\"d7a2c3e\" data-element_type=\"widget\" data-settings=\"{&quot;ekit_we_effect_on&quot;:&quot;none&quot;}\" data-widget_type=\"image.default\">\n\t\t\t\t<div class=\"elementor-widget-container\">\n\t\t\t<style>\/*! elementor - v3.10.1 - 17-01-2023 *\/\n.elementor-widget-image{text-align:center}.elementor-widget-image a{display:inline-block}.elementor-widget-image a img[src$=\".svg\"]{width:48px}.elementor-widget-image img{vertical-align:middle;display:inline-block}<\/style>\t\t\t\t\t\t\t\t\t\t\t\t<img width=\"57\" height=\"9\" src=\"https:\/\/livas.com.co\/wp-content\/uploads\/2022\/10\/icon-heading.png\" class=\"attachment-full size-full wp-image-283\" alt=\"\" loading=\"lazy\" \/>\t\t\t\t\t\t\t\t\t\t\t\t\t\t\t<\/div>\n\t\t\t\t<\/div>\n\t\t\t\t<div class=\"elementor-element elementor-element-1d5fcf37 elementor-widget elementor-widget-heading\" data-id=\"1d5fcf37\" data-element_type=\"widget\" data-settings=\"{&quot;ekit_we_effect_on&quot;:&quot;none&quot;}\" data-widget_type=\"heading.default\">\n\t\t\t\t<div class=\"elementor-widget-container\">\n\t\t\t<style>\/*! elementor - v3.10.1 - 17-01-2023 *\/\n.elementor-heading-title{padding:0;margin:0;line-height:1}.elementor-widget-heading .elementor-heading-title[class*=elementor-size-]>a{color:inherit;font-size:inherit;line-height:inherit}.elementor-widget-heading .elementor-heading-title.elementor-size-small{font-size:15px}.elementor-widget-heading .elementor-heading-title.elementor-size-medium{font-size:19px}.elementor-widget-heading .elementor-heading-title.elementor-size-large{font-size:29px}.elementor-widget-heading .elementor-heading-title.elementor-size-xl{font-size:39px}.elementor-widget-heading .elementor-heading-title.elementor-size-xxl{font-size:59px}<\/style><h2 class=\"elementor-heading-title elementor-size-default\">Rugby<\/h2>\t\t<\/div>\n\t\t\t\t<\/div>\n\t\t\t\t<div class=\"elementor-element elementor-element-16468f94 elementor-widget elementor-widget-text-editor\" data-id=\"16468f94\" data-element_type=\"widget\" data-settings=\"{&quot;ekit_we_effect_on&quot;:&quot;none&quot;}\" data-widget_type=\"text-editor.default\">\n\t\t\t\t<div class=\"elementor-widget-container\">\n\t\t\t<style>\/*! elementor - v3.10.1 - 17-01-2023 *\/\n.elementor-widget-text-editor.elementor-drop-cap-view-stacked .elementor-drop-cap{background-color:#818a91;color:#fff}.elementor-widget-text-editor.elementor-drop-cap-view-framed .elementor-drop-cap{color:#818a91;border:3px solid;background-color:transparent}.elementor-widget-text-editor:not(.elementor-drop-cap-view-default) .elementor-drop-cap{margin-top:8px}.elementor-widget-text-editor:not(.elementor-drop-cap-view-default) .elementor-drop-cap-letter{width:1em;height:1em}.elementor-widget-text-editor .elementor-drop-cap{float:left;text-align:center;line-height:1;font-size:50px}.elementor-widget-text-editor .elementor-drop-cap-letter{display:inline-block}<\/style>\t\t\t\tEs jugado en una piscina con profundidad de 3.5m a 5m y las cestas &#8211; donde se coloca el bal\u00f3n para anotar puntos &#8211; tienen un di\u00e1metro de 40cm, son de metales inoxidables como el aluminio y son fijadas al fondo de la piscina. El juego se desarrolla entre dos equipos (azul y blanco), cada uno con seis jugadores en el campo y cinco o seis sustitutos, los cuales intentan marcar puntos colocando el bal\u00f3n en la cesta del equipo contrario. La pelota tiene flotabilidad negativa debido a la soluci\u00f3n salina con que se rellena. Es un juego que integra velocidad, resistencia y fuerza, adem\u00e1s de contar con el hecho de que las sustituciones de jugadores que se hacen sin detener el juego.<br>\nEl juego se desarrolla completamente bajo el agua, el bal\u00f3n en ning\u00fan momento puede salir a la superficie y puede ser lanzado en forma de pase -en cualquier direcci\u00f3n- hacia los otros jugadores.<br>\nEl jugador puede usar diferentes habilidades, tales como fuerza, velocidad, movilidad o simplemente bajo consumo de ox\u00edgeno. Algunas veces el juego se desarrolla con equipos mixtos en el cual hombres y mujeres hacen parte de un mismo equipo.\t\t\t\t\t\t<\/div>\n\t\t\t\t<\/div>\n\t\t\t\t<div class=\"elementor-element elementor-element-60b5618 elementor-widget elementor-widget-image\" data-id=\"60b5618\" data-element_type=\"widget\" data-settings=\"{&quot;ekit_we_effect_on&quot;:&quot;none&quot;}\" data-widget_type=\"image.default\">\n\t\t\t\t<div class=\"elementor-widget-container\">\n\t\t\t\t\t\t\t\t\t\t\t\t\t\t\t<img width=\"1024\" height=\"1024\" src=\"https:\/\/livas.com.co\/wp-content\/uploads\/2023\/01\/LOGO-LIVAS_REDES-SOCIALES-1024x1024.png\" class=\"attachment-large size-large wp-image-1874\" alt=\"\" loading=\"lazy\" srcset=\"https:\/\/livas.com.co\/wp-content\/uploads\/2023\/01\/LOGO-LIVAS_REDES-SOCIALES-1024x1024.png 1024w, https:\/\/livas.com.co\/wp-content\/uploads\/2023\/01\/LOGO-LIVAS_REDES-SOCIALES-300x300.png 300w, https:\/\/livas.com.co\/wp-content\/uploads\/2023\/01\/LOGO-LIVAS_REDES-SOCIALES-150x150.png 150w, https:\/\/livas.com.co\/wp-content\/uploads\/2023\/01\/LOGO-LIVAS_REDES-SOCIALES-768x768.png 768w, https:\/\/livas.com.co\/wp-content\/uploads\/2023\/01\/LOGO-LIVAS_REDES-SOCIALES-1536x1536.png 1536w, https:\/\/livas.com.co\/wp-content\/uploads\/2023\/01\/LOGO-LIVAS_REDES-SOCIALES-2048x2048.png 2048w\" sizes=\"(max-width: 1024px) 100vw, 1024px\" \/>\t\t\t\t\t\t\t\t\t\t\t\t\t\t\t<\/div>\n\t\t\t\t<\/div>\n\t\t\t\t\t<\/div>\n\t\t<\/div>\n\t\t\t\t<div class=\"elementor-column elementor-col-50 elementor-top-column elementor-element elementor-element-601ef96b\" data-id=\"601ef96b\" data-element_type=\"column\" data-settings=\"{&quot;background_background&quot;:&quot;classic&quot;}\">\n\t\t\t<div class=\"elementor-widget-wrap elementor-element-populated\">\n\t\t\t\t\t\t\t\t<div class=\"elementor-element elementor-element-4dad7665 elementor-widget elementor-widget-spacer\" data-id=\"4dad7665\" data-element_type=\"widget\" data-settings=\"{&quot;ekit_we_effect_on&quot;:&quot;none&quot;}\" data-widget_type=\"spacer.default\">\n\t\t\t\t<div class=\"elementor-widget-container\">\n\t\t\t<style>\/*! elementor - v3.10.1 - 17-01-2023 *\/\n.elementor-column .elementor-spacer-inner{height:var(--spacer-size)}.e-con{--container-widget-width:100%}.e-con-inner>.elementor-widget-spacer,.e-con>.elementor-widget-spacer{width:var(--container-widget-width,var(--spacer-size));--align-self:var(--container-widget-align-self,initial);--flex-shrink:0}.e-con-inner>.elementor-widget-spacer>.elementor-widget-container,.e-con-inner>.elementor-widget-spacer>.elementor-widget-container>.elementor-spacer,.e-con>.elementor-widget-spacer>.elementor-widget-container,.e-con>.elementor-widget-spacer>.elementor-widget-container>.elementor-spacer{height:100%}.e-con-inner>.elementor-widget-spacer>.elementor-widget-container>.elementor-spacer>.elementor-spacer-inner,.e-con>.elementor-widget-spacer>.elementor-widget-container>.elementor-spacer>.elementor-spacer-inner{height:var(--container-widget-height,var(--spacer-size))}<\/style>\t\t<div class=\"elementor-spacer\">\n\t\t\t<div class=\"elementor-spacer-inner\"><\/div>\n\t\t<\/div>\n\t\t\t\t<\/div>\n\t\t\t\t<\/div>\n\t\t\t\t\t<\/div>\n\t\t<\/div>\n\t\t\t\t\t\t\t<\/div>\n\t\t<\/section>\n\t\t\t\t\t\t\t<\/div>\n\t\t","protected":false},"excerpt":{"rendered":"<p>Anterior Siguiente Rugby Es jugado en una piscina con profundidad de 3.5m a 5m y las cestas &#8211; donde se coloca el bal\u00f3n para anotar puntos &#8211; tienen un di\u00e1metro de 40cm, son de metales inoxidables como el aluminio y son fijadas al fondo de la piscina. El juego se desarrolla entre dos equipos (azul &hellip;<\/p>\n<p class=\"read-more\"> <a class=\"\" href=\"https:\/\/livas.com.co\/?page_id=669\"> <span class=\"screen-reader-text\">Rugby<\/span> Leer m\u00e1s &raquo;<\/a><\/p>\n","protected":false},"author":1,"featured_media":0,"parent":0,"menu_order":0,"comment_status":"closed","ping_status":"closed","template":"","meta":{"om_disable_all_campaigns":false,"_mi_skip_tracking":false,"site-sidebar-layout":"no-sidebar","site-content-layout":"page-builder","ast-global-header-display":"","ast-main-header-display":"","ast-hfb-above-header-display":"","ast-hfb-below-header-display":"","ast-hfb-mobile-header-display":"","site-post-title":"disabled","ast-breadcrumbs-content":"","ast-featured-img":"disabled","footer-sml-layout":"","theme-transparent-header-meta":"","adv-header-id-meta":"","stick-header-meta":"","header-above-stick-meta":"","header-main-stick-meta":"","header-below-stick-meta":""},"aioseo_notices":[],"_links":{"self":[{"href":"https:\/\/livas.com.co\/index.php?rest_route=\/wp\/v2\/pages\/669"}],"collection":[{"href":"https:\/\/livas.com.co\/index.php?rest_route=\/wp\/v2\/pages"}],"about":[{"href":"https:\/\/livas.com.co\/index.php?rest_route=\/wp\/v2\/types\/page"}],"author":[{"embeddable":true,"href":"https:\/\/livas.com.co\/index.php?rest_route=\/wp\/v2\/users\/1"}],"replies":[{"embeddable":true,"href":"https:\/\/livas.com.co\/index.php?rest_route=%2Fwp%2Fv2%2Fcomments&post=669"}],"version-history":[{"count":49,"href":"https:\/\/livas.com.co\/index.php?rest_route=\/wp\/v2\/pages\/669\/revisions"}],"predecessor-version":[{"id":1931,"href":"https:\/\/livas.com.co\/index.php?rest_route=\/wp\/v2\/pages\/669\/revisions\/1931"}],"wp:attachment":[{"href":"https:\/\/livas.com.co\/index.php?rest_route=%2Fwp%2Fv2%2Fmedia&parent=669"}],"curies":[{"name":"wp","href":"https:\/\/api.w.org\/{rel}","templated":true}]}}